{"id":5,"date":"2024-11-07T16:33:27","date_gmt":"2024-11-07T15:33:27","guid":{"rendered":"https:\/\/www.kaliverif.fr\/?page_id=5"},"modified":"2025-04-04T16:58:34","modified_gmt":"2025-04-04T14:58:34","slug":"nos-services","status":"publish","type":"page","link":"https:\/\/www.kaliverif.fr\/","title":{"rendered":"Notre savoir faire"},"content":{"rendered":"\n<p class=\"has-text-align-center\"><\/p>\n\n\n\n<div class=\"wp-block-columns is-layout-flex wp-container-core-columns-is-layout-28f84493 wp-block-columns-is-layout-flex\">\n<div class=\"wp-block-column is-layout-flow wp-block-column-is-layout-flow\">\n<figure class=\"wp-block-gallery aligncenter has-nested-images columns-default is-cropped wp-block-gallery-1 is-layout-flex wp-block-gallery-is-layout-flex\">\n<figure class=\"wp-block-image size-full\"><img loading=\"lazy\" decoding=\"async\" width=\"856\" height=\"856\" data-id=\"214\" src=\"https:\/\/www.kaliverif.fr\/wp-content\/uploads\/2025\/02\/kaliverif-pied-email.jpg\" alt=\"\" class=\"wp-image-214\" srcset=\"https:\/\/www.kaliverif.fr\/wp-content\/uploads\/2025\/02\/kaliverif-pied-email.jpg 856w, https:\/\/www.kaliverif.fr\/wp-content\/uploads\/2025\/02\/kaliverif-pied-email-300x300.jpg 300w, https:\/\/www.kaliverif.fr\/wp-content\/uploads\/2025\/02\/kaliverif-pied-email-150x150.jpg 150w, https:\/\/www.kaliverif.fr\/wp-content\/uploads\/2025\/02\/kaliverif-pied-email-768x768.jpg 768w\" sizes=\"auto, (max-width: 856px) 100vw, 856px\" \/><\/figure>\n<\/figure>\n<\/div>\n<\/div>\n\n\n\n<p><strong>KALIVERIF : Sp\u00e9cialistes en conformit\u00e9 b\u00e2timent et diagnostic immobilier<\/strong><\/p>\n\n\n\n<p><strong>Nos services :<\/strong><\/p>\n\n\n\n<ul class=\"wp-block-list\">\n<li><strong>Conformit\u00e9 des b\u00e2timents neufs<\/strong> :\n<ul class=\"wp-block-list\">\n<li>B\u00e2timent ou villa sous RT2012&nbsp;: Certification Qualibat 8711<\/li>\n\n\n\n<li>B\u00e2timent ou villa sous RE2020&nbsp;: Certification Qualibat 8741<\/li>\n<\/ul>\n<\/li>\n\n\n\n<li><strong>Tests de perm\u00e9abilit\u00e9 \u00e0 l\u2019air<\/strong> :\n<ul class=\"wp-block-list\">\n<li>Plus de 3600 b\u00e2timents test\u00e9s (enveloppe et r\u00e9seaux de ventilation).<\/li>\n\n\n\n<li>Interventions conformes aux exigences RT2012 et RE2020.<\/li>\n\n\n\n<li>Certification Qualibat 8711.<\/li>\n<\/ul>\n<\/li>\n\n\n\n<li><strong>Expertises immobili\u00e8res<\/strong> :\n<ul class=\"wp-block-list\">\n<li>Plus de 20 000 diagnostics r\u00e9alis\u00e9s : tous les diagnostics n\u00e9cessaires \u00e0 la vente d\u2019un bien ou \u00e0 sa location,\u00a0<\/li>\n\n\n\n<li>Mise en copropri\u00e9t\u00e9, DTG et plus encore.<\/li>\n<\/ul>\n<\/li>\n\n\n\n<li><strong>Contr\u00f4le des r\u00e9seaux a\u00e9rauliques<\/strong> :\n<ul class=\"wp-block-list\">\n<li>Les r\u00e9seaux de ventilation jouent un r\u00f4le crucial dans le confort et la qualit\u00e9 de l\u2019air des b\u00e2timents.&nbsp;<\/li>\n\n\n\n<li>Certification Qualibat 8721<\/li>\n<\/ul>\n<\/li>\n<\/ul>\n\n\n\n<p style=\"margin-top:0;margin-right:0;margin-bottom:0;margin-left:0\"><br>KALIVERIF met son expertise au service de vos projets pour garantir la conformit\u00e9 et la performance de vos b\u00e2timents.<\/p>\n\n\n\n<p style=\"margin-top:0;margin-right:0;margin-bottom:0;margin-left:0\">Intervention dans l\u2019H\u00e9rault et Gard. Montpellier. B\u00e9ziers. N\u00eemes. Clermont l\u2019H\u00e9rault. Mauguio. Lattes. Grande Motte. Carnon. Palavas. P\u00e9rols. Juvignac. Castelnau le Lez. Prades le Lez<br><\/p>\n","protected":false},"excerpt":{"rendered":"<p>KALIVERIF : Sp\u00e9cialistes en conformit\u00e9 b\u00e2timent et diagnostic immobilier Nos services : KALIVERIF met son expertise au service de vos projets pour garantir la conformit\u00e9 et la performance de vos b\u00e2timents. Intervention dans l\u2019H\u00e9rault et Gard. Montpellier. B\u00e9ziers. N\u00eemes. Clermont l\u2019H\u00e9rault. Mauguio. Lattes. Grande Motte. Carnon. Palavas. P\u00e9rols. Juvignac. Castelnau le Lez. Prades le Lez<\/p>\n","protected":false},"author":1,"featured_media":0,"parent":0,"menu_order":0,"comment_status":"closed","ping_status":"closed","template":"","meta":{"footnotes":""},"class_list":["post-5","page","type-page","status-publish","hentry"],"blocksy_meta":[],"jetpack_sharing_enabled":true,"_links":{"self":[{"href":"https:\/\/www.kaliverif.fr\/index.php?rest_route=\/wp\/v2\/pages\/5","targetHints":{"allow":["GET"]}}],"collection":[{"href":"https:\/\/www.kaliverif.fr\/index.php?rest_route=\/wp\/v2\/pages"}],"about":[{"href":"https:\/\/www.kaliverif.fr\/index.php?rest_route=\/wp\/v2\/types\/page"}],"author":[{"embeddable":true,"href":"https:\/\/www.kaliverif.fr\/index.php?rest_route=\/wp\/v2\/users\/1"}],"replies":[{"embeddable":true,"href":"https:\/\/www.kaliverif.fr\/index.php?rest_route=%2Fwp%2Fv2%2Fcomments&post=5"}],"version-history":[{"count":21,"href":"https:\/\/www.kaliverif.fr\/index.php?rest_route=\/wp\/v2\/pages\/5\/revisions"}],"predecessor-version":[{"id":232,"href":"https:\/\/www.kaliverif.fr\/index.php?rest_route=\/wp\/v2\/pages\/5\/revisions\/232"}],"wp:attachment":[{"href":"https:\/\/www.kaliverif.fr\/index.php?rest_route=%2Fwp%2Fv2%2Fmedia&parent=5"}],"curies":[{"name":"wp","href":"https:\/\/api.w.org\/{rel}","templated":true}]}}