{"id":13,"date":"2024-11-07T16:45:20","date_gmt":"2024-11-07T15:45:20","guid":{"rendered":"https:\/\/www.kaliverif.fr\/?page_id=13"},"modified":"2024-11-14T10:55:55","modified_gmt":"2024-11-14T09:55:55","slug":"test-dinfiltrometrie","status":"publish","type":"page","link":"https:\/\/www.kaliverif.fr\/?page_id=13","title":{"rendered":"Test d&rsquo;infiltrom\u00e9trie"},"content":{"rendered":"\n<p><strong>La RT 2012 impose un traitement de la perm\u00e9abilit\u00e9 \u00e0 l\u2019air des logements neufs:<\/strong><\/p>\n\n\n\n<p><strong>KALIVERIF<\/strong>&nbsp; vous propose la r\u00e9alisation de test de perm\u00e9abilit\u00e9 \u00e0 l\u2019air de vos constructions (Test d\u2019infiltrom\u00e9trie)<\/p>\n\n\n\n<figure class=\"wp-block-video\"><video height=\"1080\" style=\"aspect-ratio: 1920 \/ 1080;\" width=\"1920\" autoplay loop muted src=\"https:\/\/www.kaliverif.fr\/wp-content\/uploads\/2024\/11\/31289-385265687.mp4\" playsinline><\/video><\/figure>\n\n\n\n<p>L\u2019\u00e9tanch\u00e9it\u00e9 \u00e0 l\u2019air ou perm\u00e9abilit\u00e9 \u00e0 l\u2019air d\u2019une construction caract\u00e9rise la sensibilit\u00e9 du b\u00e2timent vis-\u00e0-vis des flux d\u2019air parasites caus\u00e9s par les d\u00e9fauts d\u2019\u00e9tanch\u00e9it\u00e9 de son enveloppe, ou plus simplement tout d\u00e9faut d\u2019\u00e9tanch\u00e9it\u00e9 non li\u00e9 \u00e0 un syst\u00e8me de ventilation sp\u00e9cifique.<\/p>\n\n\n\n<p>Les exigences d\u2019\u00e9tanch\u00e9it\u00e9s \u00e0 l\u2019air de l\u2019enveloppe d\u00e9j\u00e0 associ\u00e9es \u00e0 l\u2019obtention du label BBC Effinergie, sont en toute logique ent\u00e9rin\u00e9es par la RT 2012, et constituent pour les entreprises le principal enjeu de la mise en \u0153uvre des b\u00e2timents.<\/p>\n\n\n\n<p><strong>Principe de l\u2019\u00e9tanch\u00e9it\u00e9 \u00e0 l\u2019air :<\/strong><br>Les interfaces entre les \u00e9l\u00e9ments de la construction g\u00e9n\u00e8rent des entr\u00e9es d\u2019air parasites qui peuvent augmenter le renouvellement de l\u2019air de 25% entra\u00eenant :<\/p>\n\n\n\n<p>\u2013 Une augmentation des consommations d\u2019\u00e9nergie de l\u2019ordre de 8 kWhep\/m\u00b2.an pour une maison, soit + 20%.<br>\u2013 Une baisse des rendements de l\u2019\u00e9changeur de chaleur de 80% \u00e0 30% de la ventilation double flux avec r\u00e9cup\u00e9ration de chaleur.<br>\u2013 Une d\u00e9t\u00e9rioration de l\u2019affaiblissement acoustique par rapport aux bruits ext\u00e9rieurs.<br>\u2013 Une sensation d\u2019inconfort.<br>\u2013 Dans certain cas, des pathologies li\u00e9es \u00e0 la condensation.<\/p>\n\n\n\n<p><strong>Exigences :<\/strong><br>Exigences de l\u2019indicateur Q4-Pa-Surf&nbsp;: Perm\u00e9abilit\u00e9 \u00e0 l\u2019air sous 4 Pascal en m\u00b3\/(h.m\u00b2).<\/p>\n\n\n\n<p><strong>Intervertion &amp; typologie de b\u00e2timent<\/strong><strong>:<\/strong><br>Pavillon individuel, b\u00e2timent collectif, tertiaire, et public.<\/p>\n\n\n\n<p><a href=\"https:\/\/www.facebook.com\/sharer\/sharer.php?u=https%3A%2F%2Fwww.kaliverif.fr%2Ftest-dinfiltrometrie-rt2012%2F\"><\/a><a href=\"https:\/\/twitter.com\/intent\/tweet?url=https%3A%2F%2Fwww.kaliverif.fr%2Ftest-dinfiltrometrie-rt2012%2F&amp;text=Test%20d%E2%80%99infiltrom%C3%A9trie\"><\/a><\/p>\n\n\n\n<p><\/p>\n","protected":false},"excerpt":{"rendered":"<p>La RT 2012 impose un traitement de la perm\u00e9abilit\u00e9 \u00e0 l\u2019air des logements neufs: KALIVERIF&nbsp; vous propose la r\u00e9alisation de test de perm\u00e9abilit\u00e9 \u00e0 l\u2019air de vos constructions (Test d\u2019infiltrom\u00e9trie) L\u2019\u00e9tanch\u00e9it\u00e9 \u00e0 l\u2019air ou perm\u00e9abilit\u00e9 \u00e0 l\u2019air d\u2019une construction caract\u00e9rise la sensibilit\u00e9 du b\u00e2timent vis-\u00e0-vis des flux d\u2019air parasites caus\u00e9s par les d\u00e9fauts d\u2019\u00e9tanch\u00e9it\u00e9 de [&hellip;]<\/p>\n","protected":false},"author":1,"featured_media":0,"parent":0,"menu_order":0,"comment_status":"closed","ping_status":"closed","template":"","meta":{"footnotes":""},"class_list":["post-13","page","type-page","status-publish","hentry"],"blocksy_meta":[],"jetpack_sharing_enabled":true,"_links":{"self":[{"href":"https:\/\/www.kaliverif.fr\/index.php?rest_route=\/wp\/v2\/pages\/13","targetHints":{"allow":["GET"]}}],"collection":[{"href":"https:\/\/www.kaliverif.fr\/index.php?rest_route=\/wp\/v2\/pages"}],"about":[{"href":"https:\/\/www.kaliverif.fr\/index.php?rest_route=\/wp\/v2\/types\/page"}],"author":[{"embeddable":true,"href":"https:\/\/www.kaliverif.fr\/index.php?rest_route=\/wp\/v2\/users\/1"}],"replies":[{"embeddable":true,"href":"https:\/\/www.kaliverif.fr\/index.php?rest_route=%2Fwp%2Fv2%2Fcomments&post=13"}],"version-history":[{"count":3,"href":"https:\/\/www.kaliverif.fr\/index.php?rest_route=\/wp\/v2\/pages\/13\/revisions"}],"predecessor-version":[{"id":173,"href":"https:\/\/www.kaliverif.fr\/index.php?rest_route=\/wp\/v2\/pages\/13\/revisions\/173"}],"wp:attachment":[{"href":"https:\/\/www.kaliverif.fr\/index.php?rest_route=%2Fwp%2Fv2%2Fmedia&parent=13"}],"curies":[{"name":"wp","href":"https:\/\/api.w.org\/{rel}","templated":true}]}}